{"id":22,"date":"2023-07-20T10:22:06","date_gmt":"2023-07-20T16:22:06","guid":{"rendered":"https:\/\/motec-cnc.com\/?page_id=22"},"modified":"2024-02-16T15:09:40","modified_gmt":"2024-02-16T21:09:40","slug":"quienes-somos","status":"publish","type":"page","link":"https:\/\/motec-cnc.com\/en\/quienes-somos\/","title":{"rendered":"Who We Are"},"content":{"rendered":"<div data-elementor-type=\"wp-page\" data-elementor-id=\"22\" class=\"elementor elementor-22\" data-elementor-post-type=\"page\">\n\t\t\t\t<div class=\"elementor-element elementor-element-e30ea72 e-con-full e-flex e-con e-parent\" data-id=\"e30ea72\" data-element_type=\"container\">\n\t\t\t\t<div class=\"elementor-element elementor-element-b0ec048 elementor-widget__width-inherit elementor-widget elementor-widget-text-editor\" data-id=\"b0ec048\" data-element_type=\"widget\" data-widget_type=\"text-editor.default\">\n\t\t\t\t<div class=\"elementor-widget-container\">\n\t\t\t\t\t\t\t\t\t<p>The company MOTEC CNC-Technik was founded in 2006 in the south of Germany for service of all kinds and with the trade of used machine tools.<\/p>\t\t\t\t\t\t\t\t<\/div>\n\t\t\t\t<\/div>\n\t\t\t\t<div class=\"elementor-element elementor-element-9474e55 elementor-widget__width-initial elementor-widget-mobile__width-inherit elementor-widget elementor-widget-text-editor\" data-id=\"9474e55\" data-element_type=\"widget\" data-widget_type=\"text-editor.default\">\n\t\t\t\t<div class=\"elementor-widget-container\">\n\t\t\t\t\t\t\t\t\t<p>Among other things, MOTEC had a close cooperation with the German machine manufacturer CHIRON from Tuttlingen in the early years.<\/p><p>This resulted in well over 80 retrofit project machines, which were delivered as complete solutions to well-known customers from all over the world.<\/p><p>In 2009, the time had come to expand our products and distribute high quality machine tools.<\/p>\t\t\t\t\t\t\t\t<\/div>\n\t\t\t\t<\/div>\n\t\t\t\t<div class=\"elementor-element elementor-element-c0cd9e0 elementor-widget__width-initial elementor-widget-mobile__width-inherit elementor-widget elementor-widget-image\" data-id=\"c0cd9e0\" data-element_type=\"widget\" data-widget_type=\"image.default\">\n\t\t\t\t<div class=\"elementor-widget-container\">\n\t\t\t\t\t\t\t\t\t\t\t\t\t\t\t<img fetchpriority=\"high\" decoding=\"async\" width=\"800\" height=\"600\" src=\"https:\/\/motec-cnc.com\/wp-content\/uploads\/2023\/08\/MOTEC_5-Large-1024x768.jpeg\" class=\"attachment-large size-large wp-image-212\" alt=\"\" srcset=\"https:\/\/motec-cnc.com\/wp-content\/uploads\/2023\/08\/MOTEC_5-Large-1024x768.jpeg 1024w, https:\/\/motec-cnc.com\/wp-content\/uploads\/2023\/08\/MOTEC_5-Large-300x225.jpeg 300w, https:\/\/motec-cnc.com\/wp-content\/uploads\/2023\/08\/MOTEC_5-Large-768x576.jpeg 768w, https:\/\/motec-cnc.com\/wp-content\/uploads\/2023\/08\/MOTEC_5-Large-16x12.jpeg 16w, https:\/\/motec-cnc.com\/wp-content\/uploads\/2023\/08\/MOTEC_5-Large.jpeg 1280w\" sizes=\"(max-width: 800px) 100vw, 800px\" title=\"\">\t\t\t\t\t\t\t\t\t\t\t\t\t\t\t<\/div>\n\t\t\t\t<\/div>\n\t\t\t\t<\/div>\n\t\t<div class=\"elementor-element elementor-element-e6deb0a e-con-full e-flex e-con e-parent\" data-id=\"e6deb0a\" data-element_type=\"container\" data-settings=\"{&quot;background_background&quot;:&quot;classic&quot;}\">\n\t\t\t\t<div class=\"elementor-element elementor-element-494e6ac elementor-widget__width-initial elementor-widget-mobile__width-inherit elementor-widget elementor-widget-text-editor\" data-id=\"494e6ac\" data-element_type=\"widget\" data-widget_type=\"text-editor.default\">\n\t\t\t\t<div class=\"elementor-widget-container\">\n\t\t\t\t\t\t\t\t\t<p>Another milestone was the establishment of a branch office in Mexico in 2015 to support the industrial boom with our experience.<\/p><p>Since 2020, only MOTEC Mexico exists in the industrial heart of Queretaro and has also completely reorganized itself to meet customer requirements.<\/p>\t\t\t\t\t\t\t\t<\/div>\n\t\t\t\t<\/div>\n\t\t\t\t<div class=\"elementor-element elementor-element-f09cacd elementor-widget__width-initial elementor-widget elementor-widget-image\" data-id=\"f09cacd\" data-element_type=\"widget\" data-widget_type=\"image.default\">\n\t\t\t\t<div class=\"elementor-widget-container\">\n\t\t\t\t\t\t\t\t\t\t\t\t\t\t\t<img decoding=\"async\" width=\"800\" height=\"433\" src=\"https:\/\/motec-cnc.com\/wp-content\/uploads\/2023\/08\/Motec-Mexico-Building.jpg\" class=\"attachment-large size-large wp-image-217\" alt=\"\" srcset=\"https:\/\/motec-cnc.com\/wp-content\/uploads\/2023\/08\/Motec-Mexico-Building.jpg 800w, https:\/\/motec-cnc.com\/wp-content\/uploads\/2023\/08\/Motec-Mexico-Building-300x162.jpg 300w, https:\/\/motec-cnc.com\/wp-content\/uploads\/2023\/08\/Motec-Mexico-Building-768x416.jpg 768w, https:\/\/motec-cnc.com\/wp-content\/uploads\/2023\/08\/Motec-Mexico-Building-18x10.jpg 18w\" sizes=\"(max-width: 800px) 100vw, 800px\" title=\"\">\t\t\t\t\t\t\t\t\t\t\t\t\t\t\t<\/div>\n\t\t\t\t<\/div>\n\t\t\t\t<\/div>\n\t\t<div class=\"elementor-element elementor-element-d58f138 e-flex e-con-boxed e-con e-parent\" data-id=\"d58f138\" data-element_type=\"container\">\n\t\t\t\t\t<div class=\"e-con-inner\">\n\t\t\t\t<div class=\"elementor-element elementor-element-22c9f7f elementor-widget elementor-widget-text-editor\" data-id=\"22c9f7f\" data-element_type=\"widget\" data-widget_type=\"text-editor.default\">\n\t\t\t\t<div class=\"elementor-widget-container\">\n\t\t\t\t\t\t\t\t\t<p>Our customers come from all sectors and sizes, from small companies and suppliers to international OEMs. No two MOTEC customers are the same - which is why our range of machines remains diverse and adaptable, offering an answer for every application.<\/p>\t\t\t\t\t\t\t\t<\/div>\n\t\t\t\t<\/div>\n\t\t\t\t<div class=\"elementor-element elementor-element-017fec3 elementor-align-justify elementor-widget elementor-widget-button\" data-id=\"017fec3\" data-element_type=\"widget\" data-widget_type=\"button.default\">\n\t\t\t\t<div class=\"elementor-widget-container\">\n\t\t\t\t\t\t\t\t\t<div class=\"elementor-button-wrapper\">\n\t\t\t\t\t<a class=\"elementor-button elementor-button-link elementor-size-sm\" href=\"https:\/\/motec-cnc.com\/en\/productos\/\">\n\t\t\t\t\t\t<span class=\"elementor-button-content-wrapper\">\n\t\t\t\t\t\t<span class=\"elementor-button-icon\">\n\t\t\t\t<i aria-hidden=\"true\" class=\"fas fa-arrow-right\"><\/i>\t\t\t<\/span>\n\t\t\t\t\t\t\t\t\t<span class=\"elementor-button-text\">View Products<\/span>\n\t\t\t\t\t<\/span>\n\t\t\t\t\t<\/a>\n\t\t\t\t<\/div>\n\t\t\t\t\t\t\t\t<\/div>\n\t\t\t\t<\/div>\n\t\t\t\t<div class=\"elementor-element elementor-element-1e603fe elementor-widget elementor-widget-button\" data-id=\"1e603fe\" data-element_type=\"widget\" data-widget_type=\"button.default\">\n\t\t\t\t<div class=\"elementor-widget-container\">\n\t\t\t\t\t\t\t\t\t<div class=\"elementor-button-wrapper\">\n\t\t\t\t\t<a class=\"elementor-button elementor-button-link elementor-size-sm\" href=\"https:\/\/motec-cnc.com\/en\/equipo\/\">\n\t\t\t\t\t\t<span class=\"elementor-button-content-wrapper\">\n\t\t\t\t\t\t<span class=\"elementor-button-icon\">\n\t\t\t\t<i aria-hidden=\"true\" class=\"fas fa-arrow-right\"><\/i>\t\t\t<\/span>\n\t\t\t\t\t\t\t\t\t<span class=\"elementor-button-text\">View Equipment<\/span>\n\t\t\t\t\t<\/span>\n\t\t\t\t\t<\/a>\n\t\t\t\t<\/div>\n\t\t\t\t\t\t\t\t<\/div>\n\t\t\t\t<\/div>\n\t\t\t\t\t<\/div>\n\t\t\t\t<\/div>\n\t\t\t\t<\/div>","protected":false},"excerpt":{"rendered":"<p>La empresa MOTEC CNC-Technik fue fundada en 2006 como empresa en el sur de Alemania para el servicio de todo tipo y con el comercio de los centros de mecanizado usadas. En los primeros a\u00f1os, MOTEC colabor\u00f3 estrechamente, entre otros, con el fabricante alem\u00e1n de m\u00e1quinas CHIRON de Tuttlingen. El resultado fueron m\u00e1s de 80 [&hellip;]<\/p>","protected":false},"author":1,"featured_media":210,"parent":0,"menu_order":0,"comment_status":"closed","ping_status":"closed","template":"elementor_theme","meta":{"footnotes":""},"class_list":["post-22","page","type-page","status-publish","has-post-thumbnail","hentry"],"_links":{"self":[{"href":"https:\/\/motec-cnc.com\/en\/wp-json\/wp\/v2\/pages\/22","targetHints":{"allow":["GET"]}}],"collection":[{"href":"https:\/\/motec-cnc.com\/en\/wp-json\/wp\/v2\/pages"}],"about":[{"href":"https:\/\/motec-cnc.com\/en\/wp-json\/wp\/v2\/types\/page"}],"author":[{"embeddable":true,"href":"https:\/\/motec-cnc.com\/en\/wp-json\/wp\/v2\/users\/1"}],"replies":[{"embeddable":true,"href":"https:\/\/motec-cnc.com\/en\/wp-json\/wp\/v2\/comments?post=22"}],"version-history":[{"count":31,"href":"https:\/\/motec-cnc.com\/en\/wp-json\/wp\/v2\/pages\/22\/revisions"}],"predecessor-version":[{"id":634,"href":"https:\/\/motec-cnc.com\/en\/wp-json\/wp\/v2\/pages\/22\/revisions\/634"}],"wp:featuredmedia":[{"embeddable":true,"href":"https:\/\/motec-cnc.com\/en\/wp-json\/wp\/v2\/media\/210"}],"wp:attachment":[{"href":"https:\/\/motec-cnc.com\/en\/wp-json\/wp\/v2\/media?parent=22"}],"curies":[{"name":"wp","href":"https:\/\/api.w.org\/{rel}","templated":true}]}}